{"id":608,"date":"2024-08-01T17:55:57","date_gmt":"2024-08-01T23:55:57","guid":{"rendered":"https:\/\/ticktlan.com\/nahuafest\/?page_id=608"},"modified":"2025-09-12T12:50:10","modified_gmt":"2025-09-12T18:50:10","slug":"contacto","status":"publish","type":"page","link":"https:\/\/ticktlan.com\/nahuafest\/contacto\/","title":{"rendered":"Contacto"},"content":{"rendered":"\t\t<div data-elementor-type=\"wp-page\" data-elementor-id=\"608\" class=\"elementor elementor-608\" data-elementor-post-type=\"page\">\n\t\t\t\t<div class=\"elementor-element elementor-element-ea4b529 e-flex e-con-boxed e-con e-parent\" data-id=\"ea4b529\" data-element_type=\"container\" data-e-type=\"container\">\n\t\t\t\t\t<div class=\"e-con-inner\">\n\t\t<div class=\"elementor-element elementor-element-2c829c8 e-con-full e-flex e-con e-child\" data-id=\"2c829c8\" data-element_type=\"container\" data-e-type=\"container\">\n\t\t\t\t<div class=\"elementor-element elementor-element-03adcb5 elementor-widget elementor-widget-heading\" data-id=\"03adcb5\" data-element_type=\"widget\" data-e-type=\"widget\" data-widget_type=\"heading.default\">\n\t\t\t\t<div class=\"elementor-widget-container\">\n\t\t\t\t\t<h2 class=\"elementor-heading-title elementor-size-default\">\u00a1Hola! \u00bfEn qu\u00e9 podemos apoyarte?<\/h2>\t\t\t\t<\/div>\n\t\t\t\t<\/div>\n\t\t\t\t<div class=\"elementor-element elementor-element-699147e elementor-widget elementor-widget-text-editor\" data-id=\"699147e\" data-element_type=\"widget\" data-e-type=\"widget\" data-widget_type=\"text-editor.default\">\n\t\t\t\t<div class=\"elementor-widget-container\">\n\t\t\t\t\t\t\t\t\t<p>Para tu comodidad puedes contactarnos a trav\u00e9s del WhatsApp<\/p>\t\t\t\t\t\t\t\t<\/div>\n\t\t\t\t<\/div>\n\t\t\t\t<div class=\"elementor-element elementor-element-c0273ce elementor-view-stacked elementor-position-inline-start elementor-shape-circle elementor-mobile-position-block-start elementor-widget elementor-widget-icon-box\" data-id=\"c0273ce\" data-element_type=\"widget\" data-e-type=\"widget\" data-widget_type=\"icon-box.default\">\n\t\t\t\t<div class=\"elementor-widget-container\">\n\t\t\t\t\t\t\t<div class=\"elementor-icon-box-wrapper\">\n\n\t\t\t\t\t\t<div class=\"elementor-icon-box-icon\">\n\t\t\t\t<a href=\"https:\/\/api.whatsapp.com\/send\/?phone=5217122646013&#038;text=-+Exponga+brevemente+el+problema%3A-+Proporcione%3A+nombre+de+evento%3A+-+Nombre+de+quien++realizo+compra%3A-+Correo+de+compra%3A-+Proporcione+N%C2%B0+de+pedido%3A&#038;type=phone_number&#038;app_absent=0\" class=\"elementor-icon\" tabindex=\"-1\" aria-label=\"WhatsApp\">\n\t\t\t\t<svg aria-hidden=\"true\" class=\"e-font-icon-svg e-fab-whatsapp\" viewBox=\"0 0 448 512\" xmlns=\"http:\/\/www.w3.org\/2000\/svg\"><path d=\"M380.9 97.1C339 55.1 283.2 32 223.9 32c-122.4 0-222 99.6-222 222 0 39.1 10.2 77.3 29.6 111L0 480l117.7-30.9c32.4 17.7 68.9 27 106.1 27h.1c122.3 0 224.1-99.6 224.1-222 0-59.3-25.2-115-67.1-157zm-157 341.6c-33.2 0-65.7-8.9-94-25.7l-6.7-4-69.8 18.3L72 359.2l-4.4-7c-18.5-29.4-28.2-63.3-28.2-98.2 0-101.7 82.8-184.5 184.6-184.5 49.3 0 95.6 19.2 130.4 54.1 34.8 34.9 56.2 81.2 56.1 130.5 0 101.8-84.9 184.6-186.6 184.6zm101.2-138.2c-5.5-2.8-32.8-16.2-37.9-18-5.1-1.9-8.8-2.8-12.5 2.8-3.7 5.6-14.3 18-17.6 21.8-3.2 3.7-6.5 4.2-12 1.4-32.6-16.3-54-29.1-75.5-66-5.7-9.8 5.7-9.1 16.3-30.3 1.8-3.7.9-6.9-.5-9.7-1.4-2.8-12.5-30.1-17.1-41.2-4.5-10.8-9.1-9.3-12.5-9.5-3.2-.2-6.9-.2-10.6-.2-3.7 0-9.7 1.4-14.8 6.9-5.1 5.6-19.4 19-19.4 46.3 0 27.3 19.9 53.7 22.6 57.4 2.8 3.7 39.1 59.7 94.8 83.8 35.2 15.2 49 16.5 66.6 13.9 10.7-1.6 32.8-13.4 37.4-26.4 4.6-13 4.6-24.1 3.2-26.4-1.3-2.5-5-3.9-10.5-6.6z\"><\/path><\/svg>\t\t\t\t<\/a>\n\t\t\t<\/div>\n\t\t\t\n\t\t\t\t\t\t<div class=\"elementor-icon-box-content\">\n\n\t\t\t\t\t\t\t\t\t<h3 class=\"elementor-icon-box-title\">\n\t\t\t\t\t\t<a href=\"https:\/\/api.whatsapp.com\/send\/?phone=5217122646013&#038;text=-+Exponga+brevemente+el+problema%3A-+Proporcione%3A+nombre+de+evento%3A+-+Nombre+de+quien++realizo+compra%3A-+Correo+de+compra%3A-+Proporcione+N%C2%B0+de+pedido%3A&#038;type=phone_number&#038;app_absent=0\" >\n\t\t\t\t\t\t\tWhatsApp\t\t\t\t\t\t<\/a>\n\t\t\t\t\t<\/h3>\n\t\t\t\t\n\t\t\t\t\t\t\t\t\t<p class=\"elementor-icon-box-description\">\n\t\t\t\t\t\tEnv\u00edanos mensaje\t\t\t\t\t<\/p>\n\t\t\t\t\n\t\t\t<\/div>\n\t\t\t\n\t\t<\/div>\n\t\t\t\t\t\t<\/div>\n\t\t\t\t<\/div>\n\t\t\t\t<\/div>\n\t\t<div class=\"elementor-element elementor-element-c3a4338 e-con-full e-flex e-con e-child\" data-id=\"c3a4338\" data-element_type=\"container\" data-e-type=\"container\">\n\t\t\t\t<div class=\"elementor-element elementor-element-1d17fd1 elementor-widget elementor-widget-heading\" data-id=\"1d17fd1\" data-element_type=\"widget\" data-e-type=\"widget\" data-widget_type=\"heading.default\">\n\t\t\t\t<div class=\"elementor-widget-container\">\n\t\t\t\t\t<h3 class=\"elementor-heading-title elementor-size-default\">Ubicaci\u00f3n y mapa<\/h3>\t\t\t\t<\/div>\n\t\t\t\t<\/div>\n\t\t\t\t<div class=\"elementor-element elementor-element-0a2cb13 elementor-widget elementor-widget-text-editor\" data-id=\"0a2cb13\" data-element_type=\"widget\" data-e-type=\"widget\" data-widget_type=\"text-editor.default\">\n\t\t\t\t<div class=\"elementor-widget-container\">\n\t\t\t\t\t\t\t\t\t<p>Balneario el Dauthi: Carr. Humedades-tabl\u00f3n. El Barrido, 42323, Carretera Humedades-tabl\u00f3n s\/n, 42323 Ixmiquilpan, Hgo.<\/p>\t\t\t\t\t\t\t\t<\/div>\n\t\t\t\t<\/div>\n\t\t\t\t<div class=\"elementor-element elementor-element-649f582 elementor-widget elementor-widget-google_maps\" data-id=\"649f582\" data-element_type=\"widget\" data-e-type=\"widget\" data-widget_type=\"google_maps.default\">\n\t\t\t\t<div class=\"elementor-widget-container\">\n\t\t\t\t\t\t\t<div class=\"elementor-custom-embed\">\n\t\t\t<iframe loading=\"lazy\"\n\t\t\t\t\tsrc=\"https:\/\/maps.google.com\/maps?q=Carr.%20Humedades-tabl%C3%B3n.%20El%20Barrido%2C%2042323%2C%20Carretera%20Humedades-tabl%C3%B3n%20s%2Fn%2C%2042323%20Ixmiquilpan%2C%20Hgo.&#038;t=m&#038;z=10&#038;output=embed&#038;iwloc=near\"\n\t\t\t\t\ttitle=\"Carr. Humedades-tabl\u00f3n. El Barrido, 42323, Carretera Humedades-tabl\u00f3n s\/n, 42323 Ixmiquilpan, Hgo.\"\n\t\t\t\t\taria-label=\"Carr. Humedades-tabl\u00f3n. El Barrido, 42323, Carretera Humedades-tabl\u00f3n s\/n, 42323 Ixmiquilpan, Hgo.\"\n\t\t\t><\/iframe>\n\t\t<\/div>\n\t\t\t\t\t\t<\/div>\n\t\t\t\t<\/div>\n\t\t\t\t<\/div>\n\t\t\t\t\t<\/div>\n\t\t\t\t<\/div>\n\t\t\t\t<\/div>\n\t\t<div style=\"margin: 20px 0;\"><div class=\"qrcswholewtapper\" style=\"text-align:left;\"><div class=\"qrcprowrapper\"  id=\"qrcwraa2leds\"><div class=\"qrc_canvass\" id=\"qrc_cuttenpages_2\" style=\"display:inline-block\" data-text=\"https:\/\/ticktlan.com\/nahuafest\/contacto\/\"><\/div><\/div><\/div><\/div>","protected":false},"excerpt":{"rendered":"<p>\u00a1Hola! \u00bfEn qu\u00e9 podemos apoyarte? Para tu comodidad puedes contactarnos a trav\u00e9s del WhatsApp WhatsApp Env\u00edanos mensaje Ubicaci\u00f3n y mapa Balneario el Dauthi: Carr. Humedades-tabl\u00f3n. El Barrido, 42323, Carretera Humedades-tabl\u00f3n s\/n, 42323 Ixmiquilpan, Hgo.<\/p>\n","protected":false},"author":1,"featured_media":0,"parent":0,"menu_order":0,"comment_status":"closed","ping_status":"closed","template":"","meta":{"site-sidebar-layout":"default","site-content-layout":"","ast-site-content-layout":"default","site-content-style":"default","site-sidebar-style":"default","ast-global-header-display":"","ast-banner-title-visibility":"","ast-main-header-display":"","ast-hfb-above-header-display":"","ast-hfb-below-header-display":"","ast-hfb-mobile-header-display":"","site-post-title":"","ast-breadcrumbs-content":"","ast-featured-img":"","footer-sml-layout":"","theme-transparent-header-meta":"","adv-header-id-meta":"","stick-header-meta":"","header-above-stick-meta":"","header-main-stick-meta":"","header-below-stick-meta":"","astra-migrate-meta-layouts":"default","ast-page-background-enabled":"default","ast-page-background-meta":{"desktop":{"background-color":"","background-image":"","background-repeat":"repeat","background-position":"center center","background-size":"auto","background-attachment":"scroll","background-type":"","background-media":"","overlay-type":"","overlay-color":"","overlay-opacity":"","overlay-gradient":""},"tablet":{"background-color":"","background-image":"","background-repeat":"repeat","background-position":"center center","background-size":"auto","background-attachment":"scroll","background-type":"","background-media":"","overlay-type":"","overlay-color":"","overlay-opacity":"","overlay-gradient":""},"mobile":{"background-color":"","background-image":"","background-repeat":"repeat","background-position":"center center","background-size":"auto","background-attachment":"scroll","background-type":"","background-media":"","overlay-type":"","overlay-color":"","overlay-opacity":"","overlay-gradient":""}},"ast-content-background-meta":{"desktop":{"background-color":"var(--ast-global-color-5)","background-image":"","background-repeat":"repeat","background-position":"center center","background-size":"auto","background-attachment":"scroll","background-type":"","background-media":"","overlay-type":"","overlay-color":"","overlay-opacity":"","overlay-gradient":""},"tablet":{"background-color":"var(--ast-global-color-5)","background-image":"","background-repeat":"repeat","background-position":"center center","background-size":"auto","background-attachment":"scroll","background-type":"","background-media":"","overlay-type":"","overlay-color":"","overlay-opacity":"","overlay-gradient":""},"mobile":{"background-color":"var(--ast-global-color-5)","background-image":"","background-repeat":"repeat","background-position":"center center","background-size":"auto","background-attachment":"scroll","background-type":"","background-media":"","overlay-type":"","overlay-color":"","overlay-opacity":"","overlay-gradient":""}},"footnotes":""},"class_list":["post-608","page","type-page","status-publish","hentry"],"yoast_head":"<!-- This site is optimized with the Yoast SEO Premium plugin v23.4 (Yoast SEO v27.0) - https:\/\/yoast.com\/product\/yoast-seo-premium-wordpress\/ -->\n<title>Contacto - Nahua Fest<\/title>\n<meta name=\"robots\" content=\"index, follow, max-snippet:-1, max-image-preview:large, max-video-preview:-1\" \/>\n<link rel=\"canonical\" href=\"https:\/\/ticktlan.com\/nahuafest\/contacto\/\" \/>\n<meta property=\"og:locale\" content=\"es_MX\" \/>\n<meta property=\"og:type\" content=\"article\" \/>\n<meta property=\"og:title\" content=\"Contacto\" \/>\n<meta property=\"og:description\" content=\"\u00a1Hola! \u00bfEn qu\u00e9 podemos apoyarte? Para tu comodidad puedes contactarnos a trav\u00e9s del WhatsApp WhatsApp Env\u00edanos mensaje Ubicaci\u00f3n y mapa Balneario el Dauthi: Carr. Humedades-tabl\u00f3n. El Barrido, 42323, Carretera Humedades-tabl\u00f3n s\/n, 42323 Ixmiquilpan, Hgo.\" \/>\n<meta property=\"og:url\" content=\"https:\/\/ticktlan.com\/nahuafest\/contacto\/\" \/>\n<meta property=\"og:site_name\" content=\"Nahua Fest\" \/>\n<meta property=\"article:publisher\" content=\"https:\/\/www.facebook.com\/people\/Euforamx\/61563345267979\/\" \/>\n<meta property=\"article:modified_time\" content=\"2025-09-12T18:50:10+00:00\" \/>\n<meta name=\"twitter:card\" content=\"summary_large_image\" \/>\n<meta name=\"twitter:label1\" content=\"Tiempo de lectura\" \/>\n\t<meta name=\"twitter:data1\" content=\"1 minuto\" \/>\n<script type=\"application\/ld+json\" class=\"yoast-schema-graph\">{\"@context\":\"https:\/\/schema.org\",\"@graph\":[{\"@type\":\"WebPage\",\"@id\":\"https:\/\/ticktlan.com\/nahuafest\/contacto\/\",\"url\":\"https:\/\/ticktlan.com\/nahuafest\/contacto\/\",\"name\":\"Contacto - Nahua Fest\",\"isPartOf\":{\"@id\":\"https:\/\/ticktlan.com\/nahuafest\/#website\"},\"datePublished\":\"2024-08-01T23:55:57+00:00\",\"dateModified\":\"2025-09-12T18:50:10+00:00\",\"breadcrumb\":{\"@id\":\"https:\/\/ticktlan.com\/nahuafest\/contacto\/#breadcrumb\"},\"inLanguage\":\"es\",\"potentialAction\":[{\"@type\":\"ReadAction\",\"target\":[\"https:\/\/ticktlan.com\/nahuafest\/contacto\/\"]}]},{\"@type\":\"BreadcrumbList\",\"@id\":\"https:\/\/ticktlan.com\/nahuafest\/contacto\/#breadcrumb\",\"itemListElement\":[{\"@type\":\"ListItem\",\"position\":1,\"name\":\"Inicio\",\"item\":\"https:\/\/ticktlan.com\/nahuafest\/\"},{\"@type\":\"ListItem\",\"position\":2,\"name\":\"Contacto\"}]},{\"@type\":\"WebSite\",\"@id\":\"https:\/\/ticktlan.com\/nahuafest\/#website\",\"url\":\"https:\/\/ticktlan.com\/nahuafest\/\",\"name\":\"Eufora\",\"description\":\"\",\"publisher\":{\"@id\":\"https:\/\/ticktlan.com\/nahuafest\/#organization\"},\"potentialAction\":[{\"@type\":\"SearchAction\",\"target\":{\"@type\":\"EntryPoint\",\"urlTemplate\":\"https:\/\/ticktlan.com\/nahuafest\/?s={search_term_string}\"},\"query-input\":{\"@type\":\"PropertyValueSpecification\",\"valueRequired\":true,\"valueName\":\"search_term_string\"}}],\"inLanguage\":\"es\"},{\"@type\":\"Organization\",\"@id\":\"https:\/\/ticktlan.com\/nahuafest\/#organization\",\"name\":\"Eufora\",\"url\":\"https:\/\/ticktlan.com\/nahuafest\/\",\"logo\":{\"@type\":\"ImageObject\",\"inLanguage\":\"es\",\"@id\":\"https:\/\/ticktlan.com\/nahuafest\/#\/schema\/logo\/image\/\",\"url\":\"https:\/\/ticktlan.com\/nahuafest\/wp-content\/uploads\/2024\/08\/logo1000x200.webp\",\"contentUrl\":\"https:\/\/ticktlan.com\/nahuafest\/wp-content\/uploads\/2024\/08\/logo1000x200.webp\",\"width\":1000,\"height\":400,\"caption\":\"Eufora\"},\"image\":{\"@id\":\"https:\/\/ticktlan.com\/nahuafest\/#\/schema\/logo\/image\/\"},\"sameAs\":[\"https:\/\/www.facebook.com\/people\/Euforamx\/61563345267979\/\",\"https:\/\/www.instagram.com\/euforamx\/\"]}]}<\/script>\n<!-- \/ Yoast SEO Premium plugin. -->","yoast_head_json":{"title":"Contacto - Nahua Fest","robots":{"index":"index","follow":"follow","max-snippet":"max-snippet:-1","max-image-preview":"max-image-preview:large","max-video-preview":"max-video-preview:-1"},"canonical":"https:\/\/ticktlan.com\/nahuafest\/contacto\/","og_locale":"es_MX","og_type":"article","og_title":"Contacto","og_description":"\u00a1Hola! \u00bfEn qu\u00e9 podemos apoyarte? Para tu comodidad puedes contactarnos a trav\u00e9s del WhatsApp WhatsApp Env\u00edanos mensaje Ubicaci\u00f3n y mapa Balneario el Dauthi: Carr. Humedades-tabl\u00f3n. El Barrido, 42323, Carretera Humedades-tabl\u00f3n s\/n, 42323 Ixmiquilpan, Hgo.","og_url":"https:\/\/ticktlan.com\/nahuafest\/contacto\/","og_site_name":"Nahua Fest","article_publisher":"https:\/\/www.facebook.com\/people\/Euforamx\/61563345267979\/","article_modified_time":"2025-09-12T18:50:10+00:00","twitter_card":"summary_large_image","twitter_misc":{"Tiempo de lectura":"1 minuto"},"schema":{"@context":"https:\/\/schema.org","@graph":[{"@type":"WebPage","@id":"https:\/\/ticktlan.com\/nahuafest\/contacto\/","url":"https:\/\/ticktlan.com\/nahuafest\/contacto\/","name":"Contacto - Nahua Fest","isPartOf":{"@id":"https:\/\/ticktlan.com\/nahuafest\/#website"},"datePublished":"2024-08-01T23:55:57+00:00","dateModified":"2025-09-12T18:50:10+00:00","breadcrumb":{"@id":"https:\/\/ticktlan.com\/nahuafest\/contacto\/#breadcrumb"},"inLanguage":"es","potentialAction":[{"@type":"ReadAction","target":["https:\/\/ticktlan.com\/nahuafest\/contacto\/"]}]},{"@type":"BreadcrumbList","@id":"https:\/\/ticktlan.com\/nahuafest\/contacto\/#breadcrumb","itemListElement":[{"@type":"ListItem","position":1,"name":"Inicio","item":"https:\/\/ticktlan.com\/nahuafest\/"},{"@type":"ListItem","position":2,"name":"Contacto"}]},{"@type":"WebSite","@id":"https:\/\/ticktlan.com\/nahuafest\/#website","url":"https:\/\/ticktlan.com\/nahuafest\/","name":"Eufora","description":"","publisher":{"@id":"https:\/\/ticktlan.com\/nahuafest\/#organization"},"potentialAction":[{"@type":"SearchAction","target":{"@type":"EntryPoint","urlTemplate":"https:\/\/ticktlan.com\/nahuafest\/?s={search_term_string}"},"query-input":{"@type":"PropertyValueSpecification","valueRequired":true,"valueName":"search_term_string"}}],"inLanguage":"es"},{"@type":"Organization","@id":"https:\/\/ticktlan.com\/nahuafest\/#organization","name":"Eufora","url":"https:\/\/ticktlan.com\/nahuafest\/","logo":{"@type":"ImageObject","inLanguage":"es","@id":"https:\/\/ticktlan.com\/nahuafest\/#\/schema\/logo\/image\/","url":"https:\/\/ticktlan.com\/nahuafest\/wp-content\/uploads\/2024\/08\/logo1000x200.webp","contentUrl":"https:\/\/ticktlan.com\/nahuafest\/wp-content\/uploads\/2024\/08\/logo1000x200.webp","width":1000,"height":400,"caption":"Eufora"},"image":{"@id":"https:\/\/ticktlan.com\/nahuafest\/#\/schema\/logo\/image\/"},"sameAs":["https:\/\/www.facebook.com\/people\/Euforamx\/61563345267979\/","https:\/\/www.instagram.com\/euforamx\/"]}]}},"_links":{"self":[{"href":"https:\/\/ticktlan.com\/nahuafest\/wp-json\/wp\/v2\/pages\/608","targetHints":{"allow":["GET"]}}],"collection":[{"href":"https:\/\/ticktlan.com\/nahuafest\/wp-json\/wp\/v2\/pages"}],"about":[{"href":"https:\/\/ticktlan.com\/nahuafest\/wp-json\/wp\/v2\/types\/page"}],"author":[{"embeddable":true,"href":"https:\/\/ticktlan.com\/nahuafest\/wp-json\/wp\/v2\/users\/1"}],"replies":[{"embeddable":true,"href":"https:\/\/ticktlan.com\/nahuafest\/wp-json\/wp\/v2\/comments?post=608"}],"version-history":[{"count":28,"href":"https:\/\/ticktlan.com\/nahuafest\/wp-json\/wp\/v2\/pages\/608\/revisions"}],"predecessor-version":[{"id":48580,"href":"https:\/\/ticktlan.com\/nahuafest\/wp-json\/wp\/v2\/pages\/608\/revisions\/48580"}],"wp:attachment":[{"href":"https:\/\/ticktlan.com\/nahuafest\/wp-json\/wp\/v2\/media?parent=608"}],"curies":[{"name":"wp","href":"https:\/\/api.w.org\/{rel}","templated":true}]}}