{"id":9428,"date":"2025-11-13T16:28:38","date_gmt":"2025-11-13T16:28:38","guid":{"rendered":"https:\/\/ticktlan.com\/?page_id=9428"},"modified":"2025-11-13T16:31:18","modified_gmt":"2025-11-13T16:31:18","slug":"politica-de-privacidad","status":"publish","type":"page","link":"https:\/\/ticktlan.com\/es\/politica-de-privacidad\/","title":{"rendered":"Pol\u00edtica de Privacidad"},"content":{"rendered":"<div data-elementor-type=\"wp-page\" data-elementor-id=\"9428\" class=\"elementor elementor-9428\" data-elementor-post-type=\"page\">\n\t\t\t\t\t\t<section class=\"elementor-section elementor-top-section elementor-element elementor-element-3937218 elementor-section-full_width elementor-section-height-default elementor-section-height-default\" data-id=\"3937218\" data-element_type=\"section\" data-e-type=\"section\" data-settings=\"{&quot;ekit_has_onepagescroll_dot&quot;:&quot;yes&quot;}\">\n\t\t\t\t\t\t<div class=\"elementor-container elementor-column-gap-no\">\n\t\t\t\t\t<div class=\"elementor-column elementor-col-100 elementor-top-column elementor-element elementor-element-60f77d6\" data-id=\"60f77d6\" data-element_type=\"column\" data-e-type=\"column\">\n\t\t\t<div class=\"elementor-widget-wrap elementor-element-populated\">\n\t\t\t\t\t\t<section class=\"elementor-section elementor-inner-section elementor-element elementor-element-87505bd elementor-section-height-min-height elementor-section-boxed elementor-section-height-default\" data-id=\"87505bd\" data-element_type=\"section\" data-e-type=\"section\" data-settings=\"{&quot;background_background&quot;:&quot;classic&quot;,&quot;ekit_has_onepagescroll_dot&quot;:&quot;yes&quot;}\">\n\t\t\t\t\t\t\t<div class=\"elementor-background-overlay\"><\/div>\n\t\t\t\t\t\t\t<div class=\"elementor-container elementor-column-gap-default\">\n\t\t\t\t\t<div class=\"elementor-column elementor-col-100 elementor-inner-column elementor-element elementor-element-e259a1a\" data-id=\"e259a1a\" data-element_type=\"column\" data-e-type=\"column\">\n\t\t\t<div class=\"elementor-widget-wrap elementor-element-populated\">\n\t\t\t\t\t\t<div class=\"elementor-element elementor-element-2db71a7 elementor-widget elementor-widget-lst_heading_v2\" data-id=\"2db71a7\" data-element_type=\"widget\" data-e-type=\"widget\" data-settings=\"{&quot;ekit_we_effect_on&quot;:&quot;none&quot;}\" data-widget_type=\"lst_heading_v2.default\">\n\t\t\t\t<div class=\"elementor-widget-container\">\n\t\t\t\t\t<div class=\"listivo-heading-v2-wrapper\">\n    <div class=\"listivo-heading-v2 listivo-heading-v2--left listivo-heading-v2--tablet-center listivo-heading-v2--mobile-center\">\n        \n        <h2 class=\"listivo-heading-v2__text\">\n            <span>Pol\u00edtica de<\/span> Privacidad        <\/h2>\n    <\/div>\n<\/div>\t\t\t\t<\/div>\n\t\t\t\t<\/div>\n\t\t\t\t<div class=\"elementor-element elementor-element-3dfe9b3 elementor-widget elementor-widget-spacer\" data-id=\"3dfe9b3\" data-element_type=\"widget\" data-e-type=\"widget\" data-settings=\"{&quot;ekit_we_effect_on&quot;:&quot;none&quot;}\" data-widget_type=\"spacer.default\">\n\t\t\t\t\t\t\t<div class=\"elementor-spacer\">\n\t\t\t<div class=\"elementor-spacer-inner\"><\/div>\n\t\t<\/div>\n\t\t\t\t\t\t<\/div>\n\t\t\t\t\t<\/div>\n\t\t<\/div>\n\t\t\t\t\t<\/div>\n\t\t<\/section>\n\t\t\t\t\t<\/div>\n\t\t<\/div>\n\t\t\t\t\t<\/div>\n\t\t<\/section>\n\t\t<div class=\"elementor-element elementor-element-e6c3ad8 e-flex e-con-boxed e-con e-parent\" data-id=\"e6c3ad8\" data-element_type=\"container\" data-e-type=\"container\" data-settings=\"{&quot;ekit_has_onepagescroll_dot&quot;:&quot;yes&quot;}\">\n\t\t\t\t\t<div class=\"e-con-inner\">\n\t\t\t\t<div class=\"elementor-element elementor-element-148cf76 elementor-widget elementor-widget-text-editor\" data-id=\"148cf76\" data-element_type=\"widget\" data-e-type=\"widget\" data-settings=\"{&quot;ekit_we_effect_on&quot;:&quot;none&quot;}\" data-widget_type=\"text-editor.default\">\n\t\t\t\t\t\t\t\t\t<p><b>Pol\u00edtica de Privacidad<\/b><\/p><ol><li><b> Qui\u00e9nes Somos<\/b><\/li><\/ol><p><span style=\"font-weight: 400;\">Somos Ticktlan y operamos el sitio web ticktlan.com. Nos dedicamos a la venta de boletos para una variedad de eventos, incluyendo conciertos, museos, eventos familiares y cualquier otro evento que requiera gesti\u00f3n de boleter\u00eda, creaci\u00f3n de landing pages o sitios web, emisi\u00f3n de boletos, procesamiento de pagos y control de acceso.<\/span><\/p><ol start=\"2\"><li><b> Aviso de Privacidad<\/b><\/li><\/ol><p><span style=\"font-weight: 400;\">Su privacidad es nuestra m\u00e1xima prioridad. En Ticktlan, nos comprometemos a manejar sus <\/span><b>Datos Personales<\/b><span style=\"font-weight: 400;\"> con la mayor responsabilidad, equidad y total transparencia. Nuestro objetivo es asegurar que la recopilaci\u00f3n y el uso de su informaci\u00f3n se limiten estrictamente a lo necesario para la prestaci\u00f3n de nuestros <\/span><b>Servicios<\/b><span style=\"font-weight: 400;\">, siempre en estricto cumplimiento con la legislaci\u00f3n vigente en materia de protecci\u00f3n de datos.<\/span><\/p><p><span style=\"font-weight: 400;\">Queremos que est\u00e9 plenamente informado sobre sus derechos respecto a su informaci\u00f3n personal, los cuales puede consultar detalladamente en la <\/span><b>secci\u00f3n 13<\/b><span style=\"font-weight: 400;\"> de este documento.<\/span><\/p><p><span style=\"font-weight: 400;\">Este <\/span><b>Aviso de Privacidad<\/b><span style=\"font-weight: 400;\"> ha sido dise\u00f1ado para explicar de manera clara y sencilla c\u00f3mo recopilamos, utilizamos y protegemos sus <\/span><b>Datos Personales<\/b><span style=\"font-weight: 400;\"> al hacer uso de nuestros servicios, y para que pueda encontrar f\u00e1cilmente toda la informaci\u00f3n relevante sobre nuestra relaci\u00f3n.<\/span><\/p><ol start=\"3\"><li><b> Ni\u00f1os<\/b><\/li><\/ol><p><span style=\"font-weight: 400;\">Para salvaguardar la privacidad de los menores, no permitimos el registro ni recopilamos datos de ni\u00f1os menores de 13 a\u00f1os. El uso de nuestros <\/span><b>Servicios<\/b><span style=\"font-weight: 400;\"> por parte de cualquier menor requiere siempre la autorizaci\u00f3n y supervisi\u00f3n directa de un padre o tutor legal.<\/span><\/p><ol start=\"4\"><li><b> Datos Personales que Podr\u00edamos Recopilar<\/b><\/li><\/ol><p><span style=\"font-weight: 400;\">Recopilamos informaci\u00f3n que usted nos proporciona voluntariamente en diversas interacciones:<\/span><\/p><ul><li style=\"font-weight: 400;\" aria-level=\"1\"><b>Registro de Cuenta:<\/b><span style=\"font-weight: 400;\"> Al registrarse y crear una cuenta en nuestra Plataforma o <\/span><b>Servicios<\/b><span style=\"font-weight: 400;\">.<\/span><\/li><li style=\"font-weight: 400;\" aria-level=\"1\"><b>Contacto con Soporte:<\/b><span style=\"font-weight: 400;\"> Cuando se comunica o mantiene correspondencia con nuestro equipo de atenci\u00f3n al usuario (ya sea por tel\u00e9fono, correo electr\u00f3nico o formulario de contacto).<\/span><\/li><li style=\"font-weight: 400;\" aria-level=\"1\"><b>Participaci\u00f3n en Encuestas:<\/b><span style=\"font-weight: 400;\"> Al responder a nuestras encuestas o cuestionarios.<\/span><\/li><li style=\"font-weight: 400;\" aria-level=\"1\"><b>Suscripciones y Promociones:<\/b><span style=\"font-weight: 400;\"> Al suscribirse a nuestros boletines informativos o participar en concursos, sorteos o promociones.<\/span><\/li><li style=\"font-weight: 400;\" aria-level=\"1\"><b>Interacci\u00f3n en Redes Sociales:<\/b><span style=\"font-weight: 400;\"> Al interactuar o compartir informaci\u00f3n con nosotros a trav\u00e9s de redes sociales.<\/span><\/li><\/ul><p><span style=\"font-weight: 400;\">De acuerdo con lo anterior, podemos recopilar los siguientes <\/span><b>Datos Personales<\/b><span style=\"font-weight: 400;\">:<\/span><\/p><ul><li style=\"font-weight: 400;\" aria-level=\"1\"><b>Informaci\u00f3n de Identificaci\u00f3n:<\/b><span style=\"font-weight: 400;\"> Nombre y apellidos.<\/span><\/li><li style=\"font-weight: 400;\" aria-level=\"1\"><b>Datos de Contacto:<\/b><span style=\"font-weight: 400;\"> Direcci\u00f3n de correo electr\u00f3nico y n\u00famero de tel\u00e9fono (si decide proporcionarlos).<\/span><\/li><li style=\"font-weight: 400;\" aria-level=\"1\"><b>Informaci\u00f3n de Perfil:<\/b><span style=\"font-weight: 400;\"> Fecha de nacimiento y foto de perfil (si las a\u00f1ade o utiliza un inicio de sesi\u00f3n social).<\/span><\/li><li style=\"font-weight: 400;\" aria-level=\"1\"><b>Registros de Comunicaci\u00f3n:<\/b><span style=\"font-weight: 400;\"> Historial de mensajes cuando contacta con nuestro servicio de atenci\u00f3n al cliente.<\/span><\/li><li style=\"font-weight: 400;\" aria-level=\"1\"><b>Contenido Multimedia:<\/b><span style=\"font-weight: 400;\"> Su imagen y\/o voz en fotos o v\u00eddeos que comparta.<\/span><\/li><li style=\"font-weight: 400;\" aria-level=\"1\"><b>Datos T\u00e9cnicos:<\/b><span style=\"font-weight: 400;\"> Localizaci\u00f3n aproximada basada en la direcci\u00f3n IP o informaci\u00f3n del dispositivo al registrarse o visitar nuestro sitio web.<\/span><\/li><li style=\"font-weight: 400;\" aria-level=\"1\"><b>Datos Necesarios para su Evento:<\/b><span style=\"font-weight: 400;\"> Nombre del evento, im\u00e1genes, direcci\u00f3n, precios y detalles espec\u00edficos del evento.<\/span><\/li><\/ul><ol start=\"5\"><li><b> C\u00f3mo Podemos Utilizar sus Datos Personales<\/b><\/li><\/ol><p><span style=\"font-weight: 400;\">Para el tratamiento de sus <\/span><b>Datos Personales<\/b><span style=\"font-weight: 400;\">, nos basamos en una o varias de las siguientes razones legales:<\/span><\/p><ul><li style=\"font-weight: 400;\" aria-level=\"1\"><b>a) Ejecuci\u00f3n de un Contrato:<\/b><span style=\"font-weight: 400;\"> Utilizamos sus datos cuando son indispensables para proporcionarle los <\/span><b>Servicios<\/b><span style=\"font-weight: 400;\"> que ha solicitado, como la gesti\u00f3n de su cuenta o la facilitaci\u00f3n de su participaci\u00f3n en un evento.<\/span><\/li><li style=\"font-weight: 400;\" aria-level=\"1\"><b>b) Inter\u00e9s Leg\u00edtimo:<\/b><span style=\"font-weight: 400;\"> Empleamos sus datos para fines leg\u00edtimos de nuestra actividad empresarial, tales como la mejora continua de nuestros <\/span><b>Servicios<\/b><span style=\"font-weight: 400;\"> o la garant\u00eda de la seguridad, siempre y cuando estos intereses no prevalezcan sobre sus derechos y libertades fundamentales.<\/span><\/li><li style=\"font-weight: 400;\" aria-level=\"1\"><b>c) Invitaci\u00f3n a Eventos Similares:<\/b><span style=\"font-weight: 400;\"> Bas\u00e1ndonos en su historial de uso, podemos procesar su nombre, datos de contacto y los <\/span><b>Servicios<\/b><span style=\"font-weight: 400;\"> utilizados para sugerirle experiencias y eventos disponibles en nuestra Plataforma que puedan ser de su inter\u00e9s.<\/span><\/li><li style=\"font-weight: 400;\" aria-level=\"1\"><b>d) Consentimiento:<\/b><span style=\"font-weight: 400;\"> Cuando nos ha otorgado su autorizaci\u00f3n expresa, por ejemplo, al aceptar recibir nuestro bolet\u00edn con promociones, descuentos y novedades, o al permitir que compartamos sus datos con el organizador de un evento para fines de marketing.<\/span><\/li><li style=\"font-weight: 400;\" aria-level=\"1\"><b>e) Cumplimiento de Obligaciones Legales:<\/b><span style=\"font-weight: 400;\"> En ciertas situaciones, estamos legalmente obligados a recopilar y conservar sus datos, por ejemplo, para cumplir con normativas fiscales que exigen la conservaci\u00f3n de informaci\u00f3n sobre transacciones.<\/span><\/li><\/ul><ol start=\"6\"><li><b> Ley de Privacidad<\/b><\/li><\/ol><p><span style=\"font-weight: 400;\">El cliente autoriza a Ticktlan a recopilar y procesar los datos e informaci\u00f3n estrictamente necesarios para la gesti\u00f3n del servicio o <\/span><b>Servicios<\/b><span style=\"font-weight: 400;\"> solicitados, pero bajo ninguna circunstancia para su cesi\u00f3n a terceras partes sin su consentimiento expl\u00edcito.<\/span><\/p><p><span style=\"font-weight: 400;\">De acuerdo con la <\/span><b>LEY FEDERAL DE PROTECCI\u00d3N DE DATOS PERSONALES EN POSESI\u00d3N DE LOS PARTICULARES<\/b><span style=\"font-weight: 400;\">, el cliente consiente que Ticktlan recabe datos para el uso y contrataci\u00f3n de servicios a terceras partes, siempre y cuando estos correspondan al proceso de trabajo ordinario, o cuando la solicitud provenga de un organismo gubernamental o regulador con el fin de cumplir con las leyes y reglamentos aplicables.<\/span><\/p><ol start=\"7\"><li><b> Exclusi\u00f3n de Base de Datos<\/b><\/li><\/ol><p><span style=\"font-weight: 400;\">El cliente podr\u00e1, en cualquier momento, modificar sus datos personales enviando un correo electr\u00f3nico a info@ticktlan.com, solicitando las modificaciones que considere pertinentes.<\/span><\/p><p><span style=\"font-weight: 400;\">El cliente entiende y acepta que Ticktlan puede enviarle informaci\u00f3n relacionada con <\/span><b>Servicios<\/b><span style=\"font-weight: 400;\"> profesionales si considera que pueden ser de inter\u00e9s para su actividad. Si el cliente no desea recibir dicha informaci\u00f3n, podr\u00e1 darse de baja del servicio en cualquier momento que lo solicite.<\/span><\/p><p><span style=\"font-weight: 400;\">En caso de que desee ser removido de nuestra base de datos, podr\u00e1, en cualquier momento, solicitar la baja de sus datos mediante correo electr\u00f3nico a: info@ticktlan.com.<\/span><\/p><ol start=\"8\"><li><b>Medidas de Seguridad<\/b><\/li><\/ol><p><span style=\"font-weight: 400;\">Implementamos medidas de seguridad t\u00e9cnicas, administrativas y f\u00edsicas para proteger sus <\/span><b>Datos Personales<\/b><span style=\"font-weight: 400;\"> contra el acceso no autorizado, la divulgaci\u00f3n, alteraci\u00f3n o destrucci\u00f3n. Esto incluye el uso de cifrado, firewalls y controles de acceso.<\/span><\/p><ol start=\"9\"><li><b> Enlaces a Terceros<\/b><\/li><\/ol><p><span style=\"font-weight: 400;\">Nuestro sitio web puede contener enlaces a sitios web de terceros. No somos responsables de las pr\u00e1cticas de privacidad de estos sitios. Le recomendamos leer las pol\u00edticas de privacidad de cada sitio web que visite.<\/span><\/p><ol start=\"10\"><li><b> Cambios a esta Pol\u00edtica de Privacidad<\/b><\/li><\/ol><p><span style=\"font-weight: 400;\">Nos reservamos el derecho de modificar esta <\/span><b>Pol\u00edtica de Privacidad<\/b><span style=\"font-weight: 400;\"> en cualquier momento. Cualquier cambio ser\u00e1 publicado en esta p\u00e1gina con una fecha de revisi\u00f3n actualizada. Le recomendamos revisar peri\u00f3dicamente esta pol\u00edtica para estar informado sobre c\u00f3mo protegemos su informaci\u00f3n.<\/span><\/p><ol start=\"11\"><li><b> Contacto<\/b><\/li><\/ol><p><span style=\"font-weight: 400;\">Si tiene preguntas o inquietudes sobre esta <\/span><b>Pol\u00edtica de Privacidad<\/b><span style=\"font-weight: 400;\"> o sobre el manejo de sus <\/span><b>Datos Personales<\/b><span style=\"font-weight: 400;\">, puede contactarnos a trav\u00e9s de:<\/span><\/p><ul><li style=\"font-weight: 400;\" aria-level=\"1\"><span style=\"font-weight: 400;\">Correo electr\u00f3nico: info@ticktlan.com<\/span><\/li><\/ul><ol start=\"12\"><li><b> Aceptaci\u00f3n de los T\u00e9rminos<\/b><\/li><\/ol><p><span style=\"font-weight: 400;\">Al utilizar nuestro sitio web y <\/span><b>Servicios<\/b><span style=\"font-weight: 400;\">, usted acepta los t\u00e9rminos de esta <\/span><b>Pol\u00edtica de Privacidad<\/b><span style=\"font-weight: 400;\">. Si no est\u00e1 de acuerdo con estos t\u00e9rminos, por favor no utilice nuestro sitio web o <\/span><b>Servicios<\/b><span style=\"font-weight: 400;\">.<\/span><\/p><ol start=\"13\"><li><b> Sus Derechos<\/b><\/li><\/ol><p><span style=\"font-weight: 400;\">De acuerdo con la legislaci\u00f3n de protecci\u00f3n de datos, usted tiene los siguientes derechos respecto a sus <\/span><b>Datos Personales<\/b><span style=\"font-weight: 400;\">:<\/span><\/p><ul><li style=\"font-weight: 400;\" aria-level=\"1\"><b>Derecho de Acceso:<\/b><span style=\"font-weight: 400;\"> Puede solicitar una copia de los <\/span><b>Datos Personales<\/b><span style=\"font-weight: 400;\"> que tenemos sobre usted.<\/span><\/li><li style=\"font-weight: 400;\" aria-level=\"1\"><b>Derecho de Rectificaci\u00f3n:<\/b><span style=\"font-weight: 400;\"> Puede solicitar la correcci\u00f3n de <\/span><b>Datos Personales<\/b><span style=\"font-weight: 400;\"> inexactos o incompletos.<\/span><\/li><li style=\"font-weight: 400;\" aria-level=\"1\"><b>Derecho de Cancelaci\u00f3n (Olvido):<\/b><span style=\"font-weight: 400;\"> Puede solicitar la eliminaci\u00f3n de sus <\/span><b>Datos Personales<\/b><span style=\"font-weight: 400;\"> de nuestra base de datos, bajo ciertas condiciones.<\/span><\/li><li style=\"font-weight: 400;\" aria-level=\"1\"><b>Derecho de Oposici\u00f3n:<\/b><span style=\"font-weight: 400;\"> Puede oponerse al procesamiento de sus <\/span><b>Datos Personales<\/b><span style=\"font-weight: 400;\"> para fines espec\u00edficos, como el marketing directo.<\/span><\/li><li style=\"font-weight: 400;\" aria-level=\"1\"><b>Derecho de Portabilidad:<\/b><span style=\"font-weight: 400;\"> Puede solicitar que sus <\/span><b>Datos Personales<\/b><span style=\"font-weight: 400;\"> sean transferidos a otra organizaci\u00f3n en un formato estructurado y de uso com\u00fan.<\/span><\/li><li style=\"font-weight: 400;\" aria-level=\"1\"><b>Derecho a Revocar el Consentimiento:<\/b><span style=\"font-weight: 400;\"> Si el procesamiento de sus datos se basa en su consentimiento, tiene derecho a revocarlo en cualquier momento.<\/span><\/li><\/ul><p><span style=\"font-weight: 400;\">Para ejercer cualquiera de estos derechos, por favor cont\u00e1ctenos a trav\u00e9s de la direcci\u00f3n de correo electr\u00f3nico proporcionada en la secci\u00f3n de Contacto.<\/span><\/p>\t\t\t\t\t\t\t\t<\/div>\n\t\t\t\t\t<\/div>\n\t\t\t\t<\/div>\n\t\t\t\t<\/div>\n\t\t\n    <div class=\"xs_social_share_widget xs_share_url after_content \t\tmain_content  wslu-style-1 wslu-share-box-shaped wslu-fill-colored wslu-none wslu-share-horizontal wslu-theme-font-no wslu-main_content\">\n\n\t\t\n        <ul>\n\t\t\t        <\/ul>\n    <\/div>","protected":false},"excerpt":{"rendered":"<p>Pol\u00edtica de Privacidad Pol\u00edtica de Privacidad Qui\u00e9nes Somos Somos Ticktlan y operamos el sitio web ticktlan.com. Nos dedicamos a la venta de boletos para una variedad de eventos, incluyendo conciertos, museos, eventos familiares y cualquier otro evento que requiera gesti\u00f3n de boleter\u00eda, creaci\u00f3n de landing pages o sitios web, emisi\u00f3n de boletos, procesamiento de pagos [&hellip;]<\/p>\n","protected":false},"author":1,"featured_media":0,"parent":0,"menu_order":0,"comment_status":"closed","ping_status":"closed","template":"","meta":{"postBodyCss":"","postBodyMargin":[],"postBodyPadding":[],"postBodyBackground":{"backgroundType":"classic","gradient":""},"footnotes":""},"class_list":["post-9428","page","type-page","status-publish","hentry"],"yoast_head":"<!-- This site is optimized with the Yoast SEO plugin v27.2 - https:\/\/yoast.com\/product\/yoast-seo-wordpress\/ -->\n<title>Pol\u00edtica de Privacidad - Ticktlan<\/title>\n<meta name=\"robots\" content=\"index, follow, max-snippet:-1, max-image-preview:large, max-video-preview:-1\" \/>\n<link rel=\"canonical\" href=\"https:\/\/ticktlan.com\/es\/politica-de-privacidad\/\" \/>\n<meta property=\"og:locale\" content=\"es_ES\" \/>\n<meta property=\"og:type\" content=\"article\" \/>\n<meta property=\"og:title\" content=\"Pol\u00edtica de Privacidad - Ticktlan\" \/>\n<meta property=\"og:description\" content=\"Pol\u00edtica de Privacidad Pol\u00edtica de Privacidad Qui\u00e9nes Somos Somos Ticktlan y operamos el sitio web ticktlan.com. Nos dedicamos a la venta de boletos para una variedad de eventos, incluyendo conciertos, museos, eventos familiares y cualquier otro evento que requiera gesti\u00f3n de boleter\u00eda, creaci\u00f3n de landing pages o sitios web, emisi\u00f3n de boletos, procesamiento de pagos [&hellip;]\" \/>\n<meta property=\"og:url\" content=\"https:\/\/ticktlan.com\/es\/politica-de-privacidad\/\" \/>\n<meta property=\"og:site_name\" content=\"Ticktlan\" \/>\n<meta property=\"article:modified_time\" content=\"2025-11-13T16:31:18+00:00\" \/>\n<meta name=\"twitter:card\" content=\"summary_large_image\" \/>\n<meta name=\"twitter:label1\" content=\"Tiempo de lectura\" \/>\n\t<meta name=\"twitter:data1\" content=\"1 minuto\" \/>\n<script type=\"application\/ld+json\" class=\"yoast-schema-graph\">{\"@context\":\"https:\/\/schema.org\",\"@graph\":[{\"@type\":\"WebPage\",\"@id\":\"https:\/\/ticktlan.com\/politica-de-privacidad\/\",\"url\":\"https:\/\/ticktlan.com\/politica-de-privacidad\/\",\"name\":\"Pol\u00edtica de Privacidad - Ticktlan\",\"isPartOf\":{\"@id\":\"https:\/\/ticktlan.com\/#website\"},\"datePublished\":\"2025-11-13T16:28:38+00:00\",\"dateModified\":\"2025-11-13T16:31:18+00:00\",\"breadcrumb\":{\"@id\":\"https:\/\/ticktlan.com\/politica-de-privacidad\/#breadcrumb\"},\"inLanguage\":\"es\",\"potentialAction\":[{\"@type\":\"ReadAction\",\"target\":[\"https:\/\/ticktlan.com\/politica-de-privacidad\/\"]}]},{\"@type\":\"BreadcrumbList\",\"@id\":\"https:\/\/ticktlan.com\/politica-de-privacidad\/#breadcrumb\",\"itemListElement\":[{\"@type\":\"ListItem\",\"position\":1,\"name\":\"Inicio\",\"item\":\"https:\/\/ticktlan.com\/\"},{\"@type\":\"ListItem\",\"position\":2,\"name\":\"Pol\u00edtica de Privacidad\"}]},{\"@type\":\"WebSite\",\"@id\":\"https:\/\/ticktlan.com\/#website\",\"url\":\"https:\/\/ticktlan.com\/\",\"name\":\"Ticktlan\",\"description\":\"\",\"potentialAction\":[{\"@type\":\"SearchAction\",\"target\":{\"@type\":\"EntryPoint\",\"urlTemplate\":\"https:\/\/ticktlan.com\/?s={search_term_string}\"},\"query-input\":{\"@type\":\"PropertyValueSpecification\",\"valueRequired\":true,\"valueName\":\"search_term_string\"}}],\"inLanguage\":\"es\"}]}<\/script>\n<!-- \/ Yoast SEO plugin. -->","yoast_head_json":{"title":"Pol\u00edtica de Privacidad - Ticktlan","robots":{"index":"index","follow":"follow","max-snippet":"max-snippet:-1","max-image-preview":"max-image-preview:large","max-video-preview":"max-video-preview:-1"},"canonical":"https:\/\/ticktlan.com\/es\/politica-de-privacidad\/","og_locale":"es_ES","og_type":"article","og_title":"Pol\u00edtica de Privacidad - Ticktlan","og_description":"Pol\u00edtica de Privacidad Pol\u00edtica de Privacidad Qui\u00e9nes Somos Somos Ticktlan y operamos el sitio web ticktlan.com. Nos dedicamos a la venta de boletos para una variedad de eventos, incluyendo conciertos, museos, eventos familiares y cualquier otro evento que requiera gesti\u00f3n de boleter\u00eda, creaci\u00f3n de landing pages o sitios web, emisi\u00f3n de boletos, procesamiento de pagos [&hellip;]","og_url":"https:\/\/ticktlan.com\/es\/politica-de-privacidad\/","og_site_name":"Ticktlan","article_modified_time":"2025-11-13T16:31:18+00:00","twitter_card":"summary_large_image","twitter_misc":{"Tiempo de lectura":"1 minuto"},"schema":{"@context":"https:\/\/schema.org","@graph":[{"@type":"WebPage","@id":"https:\/\/ticktlan.com\/politica-de-privacidad\/","url":"https:\/\/ticktlan.com\/politica-de-privacidad\/","name":"Pol\u00edtica de Privacidad - Ticktlan","isPartOf":{"@id":"https:\/\/ticktlan.com\/#website"},"datePublished":"2025-11-13T16:28:38+00:00","dateModified":"2025-11-13T16:31:18+00:00","breadcrumb":{"@id":"https:\/\/ticktlan.com\/politica-de-privacidad\/#breadcrumb"},"inLanguage":"es","potentialAction":[{"@type":"ReadAction","target":["https:\/\/ticktlan.com\/politica-de-privacidad\/"]}]},{"@type":"BreadcrumbList","@id":"https:\/\/ticktlan.com\/politica-de-privacidad\/#breadcrumb","itemListElement":[{"@type":"ListItem","position":1,"name":"Inicio","item":"https:\/\/ticktlan.com\/"},{"@type":"ListItem","position":2,"name":"Pol\u00edtica de Privacidad"}]},{"@type":"WebSite","@id":"https:\/\/ticktlan.com\/#website","url":"https:\/\/ticktlan.com\/","name":"Ticktlan","description":"","potentialAction":[{"@type":"SearchAction","target":{"@type":"EntryPoint","urlTemplate":"https:\/\/ticktlan.com\/?s={search_term_string}"},"query-input":{"@type":"PropertyValueSpecification","valueRequired":true,"valueName":"search_term_string"}}],"inLanguage":"es"}]}},"_links":{"self":[{"href":"https:\/\/ticktlan.com\/es\/wp-json\/wp\/v2\/pages\/9428","targetHints":{"allow":["GET"]}}],"collection":[{"href":"https:\/\/ticktlan.com\/es\/wp-json\/wp\/v2\/pages"}],"about":[{"href":"https:\/\/ticktlan.com\/es\/wp-json\/wp\/v2\/types\/page"}],"author":[{"embeddable":true,"href":"https:\/\/ticktlan.com\/es\/wp-json\/wp\/v2\/users\/1"}],"replies":[{"embeddable":true,"href":"https:\/\/ticktlan.com\/es\/wp-json\/wp\/v2\/comments?post=9428"}],"version-history":[{"count":8,"href":"https:\/\/ticktlan.com\/es\/wp-json\/wp\/v2\/pages\/9428\/revisions"}],"predecessor-version":[{"id":9437,"href":"https:\/\/ticktlan.com\/es\/wp-json\/wp\/v2\/pages\/9428\/revisions\/9437"}],"wp:attachment":[{"href":"https:\/\/ticktlan.com\/es\/wp-json\/wp\/v2\/media?parent=9428"}],"curies":[{"name":"wp","href":"https:\/\/api.w.org\/{rel}","templated":true}]}}