{"id":6181,"date":"2022-05-17T06:42:53","date_gmt":"2022-05-17T06:42:53","guid":{"rendered":"https:\/\/demo3.listivotheme.com\/?page_id=6181"},"modified":"2025-11-10T20:34:20","modified_gmt":"2025-11-10T20:34:20","slug":"panel","status":"publish","type":"page","link":"https:\/\/ticktlan.com\/es\/panel\/","title":{"rendered":"Panel"},"content":{"rendered":"<div data-elementor-type=\"wp-page\" data-elementor-id=\"6181\" class=\"elementor elementor-6181\" data-elementor-post-type=\"page\">\n\t\t\t\t\t\t<section class=\"elementor-section elementor-top-section elementor-element elementor-element-1e2f1ff4 elementor-section-full_width elementor-section-height-default elementor-section-height-default\" data-id=\"1e2f1ff4\" data-element_type=\"section\" data-e-type=\"section\" data-settings=\"{&quot;background_background&quot;:&quot;classic&quot;,&quot;ekit_has_onepagescroll_dot&quot;:&quot;yes&quot;}\">\n\t\t\t\t\t\t<div class=\"elementor-container elementor-column-gap-no\">\n\t\t\t\t\t<div class=\"elementor-column elementor-col-100 elementor-top-column elementor-element elementor-element-25274a72\" data-id=\"25274a72\" data-element_type=\"column\" data-e-type=\"column\">\n\t\t\t<div class=\"elementor-widget-wrap elementor-element-populated\">\n\t\t\t\t\t\t<div class=\"elementor-element elementor-element-275f5ae5 elementor-widget elementor-widget-lst_panel\" data-id=\"275f5ae5\" data-element_type=\"widget\" data-e-type=\"widget\" data-settings=\"{&quot;ekit_we_effect_on&quot;:&quot;none&quot;}\" data-widget_type=\"lst_panel.default\">\n\t\t\t\t<div class=\"elementor-widget-container\">\n\t\t\t\t\t<div class=\"listivo-app\">\n    <\/div>\t\t\t\t<\/div>\n\t\t\t\t<\/div>\n\t\t\t\t\t<\/div>\n\t\t<\/div>\n\t\t\t\t\t<\/div>\n\t\t<\/section>\n\t\t\t\t<\/div>\n\t\t\n    <div class=\"xs_social_share_widget xs_share_url after_content \t\tmain_content  wslu-style-1 wslu-share-box-shaped wslu-fill-colored wslu-none wslu-share-horizontal wslu-theme-font-no wslu-main_content\">\n\n\t\t\n        <ul>\n\t\t\t        <\/ul>\n    <\/div>","protected":false},"excerpt":{"rendered":"<p>Agregar nuevo Moderaci\u00f3n \u00d3rdenes Mis eventos Favoritos Mensajes 0&#8243; > {{ props.count }} Mis pedidos Ajustes Compra un nuevo paquete Finalizar la sesi\u00f3n Mis eventos Suscripci\u00f3n actual: \u00a1Suscr\u00edbete ahora! Compra el paquete Todo 2 Activo 2 Ordenar por: A\u00fan no tienes ning\u00fan evento listado. Agregar Evento 0&#8243; > 0&#8243;> Demostraci\u00f3n {{ pagination.startIndex + 1 >= [&hellip;]<\/p>\n","protected":false},"author":1,"featured_media":0,"parent":0,"menu_order":0,"comment_status":"closed","ping_status":"closed","template":"","meta":{"postBodyCss":"","postBodyMargin":[],"postBodyPadding":[],"postBodyBackground":{"backgroundType":"classic","gradient":""},"footnotes":""},"class_list":["post-6181","page","type-page","status-publish","hentry"],"yoast_head":"<!-- This site is optimized with the Yoast SEO plugin v27.2 - https:\/\/yoast.com\/product\/yoast-seo-wordpress\/ -->\n<title>Panel - Ticktlan<\/title>\n<meta name=\"robots\" content=\"index, follow, max-snippet:-1, max-image-preview:large, max-video-preview:-1\" \/>\n<link rel=\"canonical\" href=\"https:\/\/ticktlan.com\/es\/panel\/\" \/>\n<meta property=\"og:locale\" content=\"es_ES\" \/>\n<meta property=\"og:type\" content=\"article\" \/>\n<meta property=\"og:title\" content=\"Panel - Ticktlan\" \/>\n<meta property=\"og:description\" content=\"Agregar nuevo Moderaci\u00f3n \u00d3rdenes Mis eventos Favoritos Mensajes 0&#8243; &gt; {{ props.count }} Mis pedidos Ajustes Compra un nuevo paquete Finalizar la sesi\u00f3n Mis eventos Suscripci\u00f3n actual: \u00a1Suscr\u00edbete ahora! Compra el paquete Todo 2 Activo 2 Ordenar por: A\u00fan no tienes ning\u00fan evento listado. Agregar Evento 0&#8243; &gt; 0&#8243;&gt; Demostraci\u00f3n {{ pagination.startIndex + 1 &gt;= [&hellip;]\" \/>\n<meta property=\"og:url\" content=\"https:\/\/ticktlan.com\/es\/panel\/\" \/>\n<meta property=\"og:site_name\" content=\"Ticktlan\" \/>\n<meta property=\"article:modified_time\" content=\"2025-11-10T20:34:20+00:00\" \/>\n<meta name=\"twitter:card\" content=\"summary_large_image\" \/>\n<meta name=\"twitter:label1\" content=\"Tiempo de lectura\" \/>\n\t<meta name=\"twitter:data1\" content=\"2 minutos\" \/>\n<script type=\"application\/ld+json\" class=\"yoast-schema-graph\">{\"@context\":\"https:\/\/schema.org\",\"@graph\":[{\"@type\":\"WebPage\",\"@id\":\"https:\/\/ticktlan.com\/panel\/\",\"url\":\"https:\/\/ticktlan.com\/panel\/\",\"name\":\"Panel - Ticktlan\",\"isPartOf\":{\"@id\":\"https:\/\/ticktlan.com\/#website\"},\"datePublished\":\"2022-05-17T06:42:53+00:00\",\"dateModified\":\"2025-11-10T20:34:20+00:00\",\"breadcrumb\":{\"@id\":\"https:\/\/ticktlan.com\/panel\/#breadcrumb\"},\"inLanguage\":\"es\",\"potentialAction\":[{\"@type\":\"ReadAction\",\"target\":[\"https:\/\/ticktlan.com\/panel\/\"]}]},{\"@type\":\"BreadcrumbList\",\"@id\":\"https:\/\/ticktlan.com\/panel\/#breadcrumb\",\"itemListElement\":[{\"@type\":\"ListItem\",\"position\":1,\"name\":\"Inicio\",\"item\":\"https:\/\/ticktlan.com\/\"},{\"@type\":\"ListItem\",\"position\":2,\"name\":\"Panel\"}]},{\"@type\":\"WebSite\",\"@id\":\"https:\/\/ticktlan.com\/#website\",\"url\":\"https:\/\/ticktlan.com\/\",\"name\":\"Ticktlan\",\"description\":\"\",\"potentialAction\":[{\"@type\":\"SearchAction\",\"target\":{\"@type\":\"EntryPoint\",\"urlTemplate\":\"https:\/\/ticktlan.com\/?s={search_term_string}\"},\"query-input\":{\"@type\":\"PropertyValueSpecification\",\"valueRequired\":true,\"valueName\":\"search_term_string\"}}],\"inLanguage\":\"es\"}]}<\/script>\n<!-- \/ Yoast SEO plugin. -->","yoast_head_json":{"title":"Panel - Ticktlan","robots":{"index":"index","follow":"follow","max-snippet":"max-snippet:-1","max-image-preview":"max-image-preview:large","max-video-preview":"max-video-preview:-1"},"canonical":"https:\/\/ticktlan.com\/es\/panel\/","og_locale":"es_ES","og_type":"article","og_title":"Panel - Ticktlan","og_description":"Agregar nuevo Moderaci\u00f3n \u00d3rdenes Mis eventos Favoritos Mensajes 0&#8243; > {{ props.count }} Mis pedidos Ajustes Compra un nuevo paquete Finalizar la sesi\u00f3n Mis eventos Suscripci\u00f3n actual: \u00a1Suscr\u00edbete ahora! Compra el paquete Todo 2 Activo 2 Ordenar por: A\u00fan no tienes ning\u00fan evento listado. Agregar Evento 0&#8243; > 0&#8243;> Demostraci\u00f3n {{ pagination.startIndex + 1 >= [&hellip;]","og_url":"https:\/\/ticktlan.com\/es\/panel\/","og_site_name":"Ticktlan","article_modified_time":"2025-11-10T20:34:20+00:00","twitter_card":"summary_large_image","twitter_misc":{"Tiempo de lectura":"2 minutos"},"schema":{"@context":"https:\/\/schema.org","@graph":[{"@type":"WebPage","@id":"https:\/\/ticktlan.com\/panel\/","url":"https:\/\/ticktlan.com\/panel\/","name":"Panel - Ticktlan","isPartOf":{"@id":"https:\/\/ticktlan.com\/#website"},"datePublished":"2022-05-17T06:42:53+00:00","dateModified":"2025-11-10T20:34:20+00:00","breadcrumb":{"@id":"https:\/\/ticktlan.com\/panel\/#breadcrumb"},"inLanguage":"es","potentialAction":[{"@type":"ReadAction","target":["https:\/\/ticktlan.com\/panel\/"]}]},{"@type":"BreadcrumbList","@id":"https:\/\/ticktlan.com\/panel\/#breadcrumb","itemListElement":[{"@type":"ListItem","position":1,"name":"Inicio","item":"https:\/\/ticktlan.com\/"},{"@type":"ListItem","position":2,"name":"Panel"}]},{"@type":"WebSite","@id":"https:\/\/ticktlan.com\/#website","url":"https:\/\/ticktlan.com\/","name":"Ticktlan","description":"","potentialAction":[{"@type":"SearchAction","target":{"@type":"EntryPoint","urlTemplate":"https:\/\/ticktlan.com\/?s={search_term_string}"},"query-input":{"@type":"PropertyValueSpecification","valueRequired":true,"valueName":"search_term_string"}}],"inLanguage":"es"}]}},"_links":{"self":[{"href":"https:\/\/ticktlan.com\/es\/wp-json\/wp\/v2\/pages\/6181","targetHints":{"allow":["GET"]}}],"collection":[{"href":"https:\/\/ticktlan.com\/es\/wp-json\/wp\/v2\/pages"}],"about":[{"href":"https:\/\/ticktlan.com\/es\/wp-json\/wp\/v2\/types\/page"}],"author":[{"embeddable":true,"href":"https:\/\/ticktlan.com\/es\/wp-json\/wp\/v2\/users\/1"}],"replies":[{"embeddable":true,"href":"https:\/\/ticktlan.com\/es\/wp-json\/wp\/v2\/comments?post=6181"}],"version-history":[{"count":6,"href":"https:\/\/ticktlan.com\/es\/wp-json\/wp\/v2\/pages\/6181\/revisions"}],"predecessor-version":[{"id":9147,"href":"https:\/\/ticktlan.com\/es\/wp-json\/wp\/v2\/pages\/6181\/revisions\/9147"}],"wp:attachment":[{"href":"https:\/\/ticktlan.com\/es\/wp-json\/wp\/v2\/media?parent=6181"}],"curies":[{"name":"wp","href":"https:\/\/api.w.org\/{rel}","templated":true}]}}