{"id":11175,"date":"2026-01-30T23:23:11","date_gmt":"2026-01-31T05:23:11","guid":{"rendered":"https:\/\/ticktlan.com\/?page_id=11175"},"modified":"2026-02-01T00:13:24","modified_gmt":"2026-02-01T06:13:24","slug":"proceso-estandar-ticktlan","status":"publish","type":"page","link":"https:\/\/ticktlan.com\/es\/proceso-estandar-ticktlan\/","title":{"rendered":"Proceso Est\u00e1ndar Ticktlan"},"content":{"rendered":"<div data-elementor-type=\"wp-page\" data-elementor-id=\"11175\" class=\"elementor elementor-11175\" data-elementor-post-type=\"page\">\n\t\t\t\t<div class=\"elementor-element elementor-element-9ea5acc e-flex e-con-boxed e-con e-parent\" data-id=\"9ea5acc\" data-element_type=\"container\" data-e-type=\"container\" data-settings=\"{&quot;ekit_has_onepagescroll_dot&quot;:&quot;yes&quot;}\">\n\t\t\t\t\t<div class=\"e-con-inner\">\n\t\t\t\t<div class=\"elementor-element elementor-element-75c6845 elementor-widget elementor-widget-heading\" data-id=\"75c6845\" data-element_type=\"widget\" data-e-type=\"widget\" data-settings=\"{&quot;ekit_we_effect_on&quot;:&quot;none&quot;}\" data-widget_type=\"heading.default\">\n\t\t\t\t\t<h2 class=\"elementor-heading-title elementor-size-default\">Proceso Est\u00e1ndar Ticktlan<\/h2>\t\t\t\t<\/div>\n\t\t\t\t<div class=\"elementor-element elementor-element-5072203 elementor-widget elementor-widget-text-editor\" data-id=\"5072203\" data-element_type=\"widget\" data-e-type=\"widget\" data-settings=\"{&quot;ekit_we_effect_on&quot;:&quot;none&quot;}\" data-widget_type=\"text-editor.default\">\n\t\t\t\t\t\t\t\t\t<p>D\u00e1 <span style=\"color: #0000ff;\"><strong>Clic sobre T\u00edtulo de cada Rect\u00e1ngulo<\/strong><\/span> para ampliar descripci\u00f3n de cada fase. Se abrir\u00e1 un Popup (Ventana Emergente)<\/p>\t\t\t\t\t\t\t\t<\/div>\n\t\t\t\t\t<\/div>\n\t\t\t\t<\/div>\n\t\t<div class=\"elementor-element elementor-element-1050940 e-flex e-con-boxed e-con e-parent\" data-id=\"1050940\" data-element_type=\"container\" data-e-type=\"container\" data-settings=\"{&quot;ekit_has_onepagescroll_dot&quot;:&quot;yes&quot;}\">\n\t\t\t\t\t<div class=\"e-con-inner\">\n\t\t\t\t<div class=\"elementor-element elementor-element-cbaa423 elementor-widget elementor-widget-elementskit-timeline\" data-id=\"cbaa423\" data-element_type=\"widget\" data-e-type=\"widget\" data-settings=\"{&quot;ekit_we_effect_on&quot;:&quot;none&quot;}\" data-widget_type=\"elementskit-timeline.default\">\n\t\t\t\t\t<div class=\"ekit-wid-con\" >        <div class=\"timeline-area vertical-timeline multi-gradient floating-style bothside\" > \n\n         \n                    <div class=\"single-timeline media single-timeline-count-1 elementor-repeater-item-f214036\" >\n                            <div class=\"timeline-item media\" data-settings=\"{&quot;_animation&quot;:&quot;&quot;}\">\n                                <div class=\"timeline-content\">\n\n                                                                             <span class=\"subtitle\">Da visibilidad inicial a tu evento<\/span>\n                                    \n                                                                            <h3 class=\"title\"><a href=\"#elementor-action%3Aaction%3Dpopup%3Aopen%26settings%3DeyJpZCI6IjExMjI0IiwidG9nZ2xlIjpmYWxzZX0%3D\" rel=\"\" target=\"_self\">Publica tu Evento Gratis<\/a><\/h3>\n                                    \n                                                                  <p>Comienza registrando los datos b\u00e1sicos de tu evento en nuestro listado p\u00fablico y gratuito. Es el primer paso para conectar con tu audiencia<\/p>\n                              \n\n\n                            \n                                <\/div><!-- .timeline-content END -->\n                                                                 <div class=\"timeline-icon\">\n                                <i aria-hidden=\"true\" class=\"icon icon-trophy\"><\/i>                                <\/div>\n\n                                                        <div class=\"watermark-icon\">\n                                <i aria-hidden=\"true\" class=\"icon icon-trophy\"><\/i>                            <\/div>\n                                                          <div class=\"timeline-pin\"><\/div>\n                            <\/div><!-- .timeline-item .media END -->\n\n                    \n                    <div class=\"timeline-info\" data-settings=\"{&quot;_animation&quot;:&quot;&quot;}\">\n                    \n                    <h4 class=\"date\">\n                                        Fase 1 | Listado Gratuito (Tu Puerta de Entrada) <\/h4>\n\n                                         <\/div>\n\n                                    <div class=\"timeline-img\"><\/div>\n\n\n           \n                        <\/div><!-- .single-timeline .media END -->\n       \n                    <div class=\"single-timeline media single-timeline-count-2 elementor-repeater-item-4e52bd7\" >\n                            <div class=\"timeline-item media\" data-settings=\"{&quot;_animation&quot;:&quot;&quot;}\">\n                                <div class=\"timeline-content\">\n\n                                                                             <span class=\"subtitle\">Diagn\u00f3stico Sin Costo<\/span>\n                                    \n                                                                            <h3 class=\"title\"><a href=\"#elementor-action%3Aaction%3Dpopup%3Aopen%26settings%3DeyJpZCI6IjExMjY0IiwidG9nZ2xlIjpmYWxzZX0%3D\" rel=\"\" target=\"_self\">Consulta y Asesor\u00eda Inicial<\/a><\/h3>\n                                    \n                                                                  <p>Cont\u00e1ctanos por WhatsApp para una reuni\u00f3n virtual donde analizamos tu evento, respondemos dudas y te explicamos c\u00f3mo podemos potenciarlo.<\/p>\n                              \n\n\n                            \n                                <\/div><!-- .timeline-content END -->\n                                                                 <div class=\"timeline-icon\">\n                                <i aria-hidden=\"true\" class=\"icon icon-trophy\"><\/i>                                <\/div>\n\n                                                        <div class=\"watermark-icon\">\n                                <i aria-hidden=\"true\" class=\"icon icon-trophy\"><\/i>                            <\/div>\n                                                          <div class=\"timeline-pin\"><\/div>\n                            <\/div><!-- .timeline-item .media END -->\n\n                    \n                    <div class=\"timeline-info\" data-settings=\"{&quot;_animation&quot;:&quot;&quot;}\">\n                    \n                    <h4 class=\"date\">\n                                        Fase 2 | Consulta y Diagn\u00f3stico <\/h4>\n\n                                         <\/div>\n\n                                    <div class=\"timeline-img\"><\/div>\n\n\n           \n                        <\/div><!-- .single-timeline .media END -->\n       \n                    <div class=\"single-timeline media single-timeline-count-3 elementor-repeater-item-e730d31\" >\n                            <div class=\"timeline-item media\" data-settings=\"{&quot;_animation&quot;:&quot;&quot;}\">\n                                <div class=\"timeline-content\">\n\n                                                                             <span class=\"subtitle\">Selecciona  Mejor Opci\u00f3n<\/span>\n                                    \n                                                                            <h3 class=\"title\"><a href=\"#elementor-action%3Aaction%3Dpopup%3Aopen%26settings%3DeyJpZCI6IjExMjg4IiwidG9nZ2xlIjpmYWxzZX0%3D\" rel=\"\" target=\"_self\">Adquiere Paquete de Cr\u00e9ditos<\/a><\/h3>\n                                    \n                                                                  <p>Formaliza tu proyecto adquiriendo el paquete de cr\u00e9ditos (boletos) que se ajuste al tama\u00f1o y alcance de tu evento.<\/p>\n                              \n\n\n                            \n                                <\/div><!-- .timeline-content END -->\n                                                                 <div class=\"timeline-icon\">\n                                <i aria-hidden=\"true\" class=\"icon icon-trophy\"><\/i>                                <\/div>\n\n                                                        <div class=\"watermark-icon\">\n                                <i aria-hidden=\"true\" class=\"icon icon-trophy\"><\/i>                            <\/div>\n                                                          <div class=\"timeline-pin\"><\/div>\n                            <\/div><!-- .timeline-item .media END -->\n\n                    \n                    <div class=\"timeline-info\" data-settings=\"{&quot;_animation&quot;:&quot;&quot;}\">\n                    \n                    <h4 class=\"date\">\n                                        Fase 3 | Activaci\u00f3n del Servicio <\/h4>\n\n                                         <\/div>\n\n                                    <div class=\"timeline-img\"><\/div>\n\n\n           \n                        <\/div><!-- .single-timeline .media END -->\n       \n                    <div class=\"single-timeline media single-timeline-count-4 elementor-repeater-item-c4246b6\" >\n                            <div class=\"timeline-item media\" data-settings=\"{&quot;_animation&quot;:&quot;&quot;}\">\n                                <div class=\"timeline-content\">\n\n                                                                             <span class=\"subtitle\">Desarrollo y Branding<\/span>\n                                    \n                                                                            <h3 class=\"title\"><a href=\"#elementor-action%3Aaction%3Dpopup%3Aopen%26settings%3DeyJpZCI6IjExMzAxIiwidG9nZ2xlIjpmYWxzZX0%3D\" rel=\"\" target=\"_self\">Creaci\u00f3n de Micrositio Web<\/a><\/h3>\n                                    \n                                                                  <p>Desarrollamos tu micrositio web personalizado con tu marca, incluyendo sistema de boletos y punto de venta exclusivo.<\/p>\n                              \n\n\n                            \n                                <\/div><!-- .timeline-content END -->\n                                                                 <div class=\"timeline-icon\">\n                                <i aria-hidden=\"true\" class=\"icon icon-trophy\"><\/i>                                <\/div>\n\n                                                        <div class=\"watermark-icon\">\n                                <i aria-hidden=\"true\" class=\"icon icon-trophy\"><\/i>                            <\/div>\n                                                          <div class=\"timeline-pin\"><\/div>\n                            <\/div><!-- .timeline-item .media END -->\n\n                    \n                    <div class=\"timeline-info\" data-settings=\"{&quot;_animation&quot;:&quot;&quot;}\">\n                    \n                    <h4 class=\"date\">\n                                        Fase 4 | Desarrollo a Medida <\/h4>\n\n                                         <\/div>\n\n                                    <div class=\"timeline-img\"><\/div>\n\n\n           \n                        <\/div><!-- .single-timeline .media END -->\n       \n                    <div class=\"single-timeline media single-timeline-count-5 elementor-repeater-item-65a7f01\" >\n                            <div class=\"timeline-item media\" data-settings=\"{&quot;_animation&quot;:&quot;&quot;}\">\n                                <div class=\"timeline-content\">\n\n                                                                             <span class=\"subtitle\">Puesta en Marcha<\/span>\n                                    \n                                                                            <h3 class=\"title\"><a href=\"#elementor-action%3Aaction%3Dpopup%3Aopen%26settings%3DeyJpZCI6IjExMzE4IiwidG9nZ2xlIjpmYWxzZX0%3D\" rel=\"\" target=\"_self\">Pre-venta<\/a><\/h3>\n                                    \n                                                                  <p>Te ense\u00f1amos a usar tu micrositio, a generar reportes de ventas y a operar la app de check-in para que tengas control total.<\/p>\n                              \n\n\n                            \n                                <\/div><!-- .timeline-content END -->\n                                                                 <div class=\"timeline-icon\">\n                                <i aria-hidden=\"true\" class=\"icon icon-trophy\"><\/i>                                <\/div>\n\n                                                        <div class=\"watermark-icon\">\n                                <i aria-hidden=\"true\" class=\"icon icon-trophy\"><\/i>                            <\/div>\n                                                          <div class=\"timeline-pin\"><\/div>\n                            <\/div><!-- .timeline-item .media END -->\n\n                    \n                    <div class=\"timeline-info\" data-settings=\"{&quot;_animation&quot;:&quot;&quot;}\">\n                    \n                    <h4 class=\"date\">\n                                        Fase 5 | Capacitaci\u00f3n Integral <\/h4>\n\n                                         <\/div>\n\n                                    <div class=\"timeline-img\"><\/div>\n\n\n           \n                        <\/div><!-- .single-timeline .media END -->\n       \n                    <div class=\"single-timeline media single-timeline-count-6 elementor-repeater-item-28f200e\" >\n                            <div class=\"timeline-item media\" data-settings=\"{&quot;_animation&quot;:&quot;&quot;}\">\n                                <div class=\"timeline-content\">\n\n                                                                             <span class=\"subtitle\">Ejecuci\u00f3n y Monitoreo<\/span>\n                                    \n                                                                            <h3 class=\"title\"><a href=\"#elementor-action%3Aaction%3Dpopup%3Aopen%26settings%3DeyJpZCI6IjExMzMyIiwidG9nZ2xlIjpmYWxzZX0%3D\" rel=\"\" target=\"_self\">Venta y Soporte<\/a><\/h3>\n                                    \n                                                                  <p>Acompa\u00f1amos tu venta de boletos brindando soporte a tus clientes, monitoreando el proceso y enviando recordatorios.<\/p>\n                              \n\n\n                            \n                                <\/div><!-- .timeline-content END -->\n                                                                 <div class=\"timeline-icon\">\n                                <i aria-hidden=\"true\" class=\"icon icon-trophy\"><\/i>                                <\/div>\n\n                                                        <div class=\"watermark-icon\">\n                                <i aria-hidden=\"true\" class=\"icon icon-trophy\"><\/i>                            <\/div>\n                                                          <div class=\"timeline-pin\"><\/div>\n                            <\/div><!-- .timeline-item .media END -->\n\n                    \n                    <div class=\"timeline-info\" data-settings=\"{&quot;_animation&quot;:&quot;&quot;}\">\n                    \n                    <h4 class=\"date\">\n                                        Fase 6 | Soporte Activo <\/h4>\n\n                                         <\/div>\n\n                                    <div class=\"timeline-img\"><\/div>\n\n\n           \n                        <\/div><!-- .single-timeline .media END -->\n       \n                    <div class=\"single-timeline media single-timeline-count-7 elementor-repeater-item-b97952a\" >\n                            <div class=\"timeline-item media\" data-settings=\"{&quot;_animation&quot;:&quot;&quot;}\">\n                                <div class=\"timeline-content\">\n\n                                                                             <span class=\"subtitle\">Feedback y M\u00e9tricas<\/span>\n                                    \n                                                                            <h3 class=\"title\"><a href=\"#elementor-action%3Aaction%3Dpopup%3Aopen%26settings%3DeyJpZCI6IjExMzM2IiwidG9nZ2xlIjpmYWxzZX0%3D\" rel=\"\" target=\"_self\">Post-venta<\/a><\/h3>\n                                    \n                                                                  <p>Realizamos encuestas a los asistentes y te entregamos un reporte anal\u00edtico para medir el \u00e9xito y mejorar futuros eventos.<\/p>\n                              \n\n\n                            \n                                <\/div><!-- .timeline-content END -->\n                                                                 <div class=\"timeline-icon\">\n                                <i aria-hidden=\"true\" class=\"icon icon-trophy\"><\/i>                                <\/div>\n\n                                                        <div class=\"watermark-icon\">\n                                <i aria-hidden=\"true\" class=\"icon icon-trophy\"><\/i>                            <\/div>\n                                                          <div class=\"timeline-pin\"><\/div>\n                            <\/div><!-- .timeline-item .media END -->\n\n                    \n                    <div class=\"timeline-info\" data-settings=\"{&quot;_animation&quot;:&quot;&quot;}\">\n                    \n                    <h4 class=\"date\">\n                                        Fase 7 | An\u00e1lisis y Cierre <\/h4>\n\n                                         <\/div>\n\n                                    <div class=\"timeline-img\"><\/div>\n\n\n           \n                        <\/div><!-- .single-timeline .media END -->\n           <div class=\"timeline-bar\"><\/div>\n    <\/div><\/div>\t\t\t\t<\/div>\n\t\t\t\t\t<\/div>\n\t\t\t\t<\/div>\n\t\t\t\t<\/div>\n\t\t\n    <div class=\"xs_social_share_widget xs_share_url after_content \t\tmain_content  wslu-style-1 wslu-share-box-shaped wslu-fill-colored wslu-none wslu-share-horizontal wslu-theme-font-no wslu-main_content\">\n\n\t\t\n        <ul>\n\t\t\t        <\/ul>\n    <\/div>","protected":false},"excerpt":{"rendered":"<p>Proceso Est\u00e1ndar Ticktlan D\u00e1 Clic sobre T\u00edtulo de cada Rect\u00e1ngulo para ampliar descripci\u00f3n de cada fase. Se abrir\u00e1 un Popup (Ventana Emergente) Da visibilidad inicial a tu evento Publica tu Evento Gratis Comienza registrando los datos b\u00e1sicos de tu evento en nuestro listado p\u00fablico y gratuito. Es el primer paso para conectar con tu audiencia [&hellip;]<\/p>\n","protected":false},"author":1,"featured_media":10874,"parent":0,"menu_order":0,"comment_status":"closed","ping_status":"closed","template":"","meta":{"postBodyCss":"","postBodyMargin":[],"postBodyPadding":[],"postBodyBackground":{"backgroundType":"classic","gradient":""},"footnotes":""},"class_list":["post-11175","page","type-page","status-publish","has-post-thumbnail","hentry"],"yoast_head":"<!-- This site is optimized with the Yoast SEO plugin v27.2 - https:\/\/yoast.com\/product\/yoast-seo-wordpress\/ -->\n<title>Proceso Est\u00e1ndar Ticktlan - Ticktlan<\/title>\n<meta name=\"robots\" content=\"index, follow, max-snippet:-1, max-image-preview:large, max-video-preview:-1\" \/>\n<link rel=\"canonical\" href=\"https:\/\/ticktlan.com\/es\/proceso-estandar-ticktlan\/\" \/>\n<meta property=\"og:locale\" content=\"es_ES\" \/>\n<meta property=\"og:type\" content=\"article\" \/>\n<meta property=\"og:title\" content=\"Proceso Est\u00e1ndar Ticktlan - Ticktlan\" \/>\n<meta property=\"og:description\" content=\"Proceso Est\u00e1ndar Ticktlan D\u00e1 Clic sobre T\u00edtulo de cada Rect\u00e1ngulo para ampliar descripci\u00f3n de cada fase. Se abrir\u00e1 un Popup (Ventana Emergente) Da visibilidad inicial a tu evento Publica tu Evento Gratis Comienza registrando los datos b\u00e1sicos de tu evento en nuestro listado p\u00fablico y gratuito. Es el primer paso para conectar con tu audiencia [&hellip;]\" \/>\n<meta property=\"og:url\" content=\"https:\/\/ticktlan.com\/es\/proceso-estandar-ticktlan\/\" \/>\n<meta property=\"og:site_name\" content=\"Ticktlan\" \/>\n<meta property=\"article:modified_time\" content=\"2026-02-01T06:13:24+00:00\" \/>\n<meta property=\"og:image\" content=\"http:\/\/ticktlan.com\/wp-content\/uploads\/2026\/01\/ticktlan-Rave-nocturna-en-Balneario-el-Dauthi-683x1024.png\" \/>\n\t<meta property=\"og:image:width\" content=\"683\" \/>\n\t<meta property=\"og:image:height\" content=\"1024\" \/>\n\t<meta property=\"og:image:type\" content=\"image\/png\" \/>\n<meta name=\"twitter:card\" content=\"summary_large_image\" \/>\n<meta name=\"twitter:image\" content=\"https:\/\/ticktlan.com\/wp-content\/uploads\/2026\/01\/ticktlan-Rave-nocturna-en-Balneario-el-Dauthi.png\" \/>\n<meta name=\"twitter:label1\" content=\"Tiempo de lectura\" \/>\n\t<meta name=\"twitter:data1\" content=\"2 minutos\" \/>\n<script type=\"application\/ld+json\" class=\"yoast-schema-graph\">{\"@context\":\"https:\/\/schema.org\",\"@graph\":[{\"@type\":\"WebPage\",\"@id\":\"https:\/\/ticktlan.com\/proceso-estandar-ticktlan\/\",\"url\":\"https:\/\/ticktlan.com\/proceso-estandar-ticktlan\/\",\"name\":\"Proceso Est\u00e1ndar Ticktlan - Ticktlan\",\"isPartOf\":{\"@id\":\"https:\/\/ticktlan.com\/#website\"},\"primaryImageOfPage\":{\"@id\":\"https:\/\/ticktlan.com\/proceso-estandar-ticktlan\/#primaryimage\"},\"image\":{\"@id\":\"https:\/\/ticktlan.com\/proceso-estandar-ticktlan\/#primaryimage\"},\"thumbnailUrl\":\"https:\/\/ticktlan.com\/wp-content\/uploads\/2026\/01\/ticktlan-Rave-nocturna-en-Balneario-el-Dauthi.png\",\"datePublished\":\"2026-01-31T05:23:11+00:00\",\"dateModified\":\"2026-02-01T06:13:24+00:00\",\"breadcrumb\":{\"@id\":\"https:\/\/ticktlan.com\/proceso-estandar-ticktlan\/#breadcrumb\"},\"inLanguage\":\"es\",\"potentialAction\":[{\"@type\":\"ReadAction\",\"target\":[\"https:\/\/ticktlan.com\/proceso-estandar-ticktlan\/\"]}]},{\"@type\":\"ImageObject\",\"inLanguage\":\"es\",\"@id\":\"https:\/\/ticktlan.com\/proceso-estandar-ticktlan\/#primaryimage\",\"url\":\"https:\/\/ticktlan.com\/wp-content\/uploads\/2026\/01\/ticktlan-Rave-nocturna-en-Balneario-el-Dauthi.png\",\"contentUrl\":\"https:\/\/ticktlan.com\/wp-content\/uploads\/2026\/01\/ticktlan-Rave-nocturna-en-Balneario-el-Dauthi.png\",\"width\":1024,\"height\":1536},{\"@type\":\"BreadcrumbList\",\"@id\":\"https:\/\/ticktlan.com\/proceso-estandar-ticktlan\/#breadcrumb\",\"itemListElement\":[{\"@type\":\"ListItem\",\"position\":1,\"name\":\"Inicio\",\"item\":\"https:\/\/ticktlan.com\/\"},{\"@type\":\"ListItem\",\"position\":2,\"name\":\"Proceso Est\u00e1ndar Ticktlan\"}]},{\"@type\":\"WebSite\",\"@id\":\"https:\/\/ticktlan.com\/#website\",\"url\":\"https:\/\/ticktlan.com\/\",\"name\":\"Ticktlan\",\"description\":\"\",\"potentialAction\":[{\"@type\":\"SearchAction\",\"target\":{\"@type\":\"EntryPoint\",\"urlTemplate\":\"https:\/\/ticktlan.com\/?s={search_term_string}\"},\"query-input\":{\"@type\":\"PropertyValueSpecification\",\"valueRequired\":true,\"valueName\":\"search_term_string\"}}],\"inLanguage\":\"es\"}]}<\/script>\n<!-- \/ Yoast SEO plugin. -->","yoast_head_json":{"title":"Proceso Est\u00e1ndar Ticktlan - Ticktlan","robots":{"index":"index","follow":"follow","max-snippet":"max-snippet:-1","max-image-preview":"max-image-preview:large","max-video-preview":"max-video-preview:-1"},"canonical":"https:\/\/ticktlan.com\/es\/proceso-estandar-ticktlan\/","og_locale":"es_ES","og_type":"article","og_title":"Proceso Est\u00e1ndar Ticktlan - Ticktlan","og_description":"Proceso Est\u00e1ndar Ticktlan D\u00e1 Clic sobre T\u00edtulo de cada Rect\u00e1ngulo para ampliar descripci\u00f3n de cada fase. Se abrir\u00e1 un Popup (Ventana Emergente) Da visibilidad inicial a tu evento Publica tu Evento Gratis Comienza registrando los datos b\u00e1sicos de tu evento en nuestro listado p\u00fablico y gratuito. Es el primer paso para conectar con tu audiencia [&hellip;]","og_url":"https:\/\/ticktlan.com\/es\/proceso-estandar-ticktlan\/","og_site_name":"Ticktlan","article_modified_time":"2026-02-01T06:13:24+00:00","og_image":[{"width":683,"height":1024,"url":"http:\/\/ticktlan.com\/wp-content\/uploads\/2026\/01\/ticktlan-Rave-nocturna-en-Balneario-el-Dauthi-683x1024.png","type":"image\/png"}],"twitter_card":"summary_large_image","twitter_image":"https:\/\/ticktlan.com\/wp-content\/uploads\/2026\/01\/ticktlan-Rave-nocturna-en-Balneario-el-Dauthi.png","twitter_misc":{"Tiempo de lectura":"2 minutos"},"schema":{"@context":"https:\/\/schema.org","@graph":[{"@type":"WebPage","@id":"https:\/\/ticktlan.com\/proceso-estandar-ticktlan\/","url":"https:\/\/ticktlan.com\/proceso-estandar-ticktlan\/","name":"Proceso Est\u00e1ndar Ticktlan - Ticktlan","isPartOf":{"@id":"https:\/\/ticktlan.com\/#website"},"primaryImageOfPage":{"@id":"https:\/\/ticktlan.com\/proceso-estandar-ticktlan\/#primaryimage"},"image":{"@id":"https:\/\/ticktlan.com\/proceso-estandar-ticktlan\/#primaryimage"},"thumbnailUrl":"https:\/\/ticktlan.com\/wp-content\/uploads\/2026\/01\/ticktlan-Rave-nocturna-en-Balneario-el-Dauthi.png","datePublished":"2026-01-31T05:23:11+00:00","dateModified":"2026-02-01T06:13:24+00:00","breadcrumb":{"@id":"https:\/\/ticktlan.com\/proceso-estandar-ticktlan\/#breadcrumb"},"inLanguage":"es","potentialAction":[{"@type":"ReadAction","target":["https:\/\/ticktlan.com\/proceso-estandar-ticktlan\/"]}]},{"@type":"ImageObject","inLanguage":"es","@id":"https:\/\/ticktlan.com\/proceso-estandar-ticktlan\/#primaryimage","url":"https:\/\/ticktlan.com\/wp-content\/uploads\/2026\/01\/ticktlan-Rave-nocturna-en-Balneario-el-Dauthi.png","contentUrl":"https:\/\/ticktlan.com\/wp-content\/uploads\/2026\/01\/ticktlan-Rave-nocturna-en-Balneario-el-Dauthi.png","width":1024,"height":1536},{"@type":"BreadcrumbList","@id":"https:\/\/ticktlan.com\/proceso-estandar-ticktlan\/#breadcrumb","itemListElement":[{"@type":"ListItem","position":1,"name":"Inicio","item":"https:\/\/ticktlan.com\/"},{"@type":"ListItem","position":2,"name":"Proceso Est\u00e1ndar Ticktlan"}]},{"@type":"WebSite","@id":"https:\/\/ticktlan.com\/#website","url":"https:\/\/ticktlan.com\/","name":"Ticktlan","description":"","potentialAction":[{"@type":"SearchAction","target":{"@type":"EntryPoint","urlTemplate":"https:\/\/ticktlan.com\/?s={search_term_string}"},"query-input":{"@type":"PropertyValueSpecification","valueRequired":true,"valueName":"search_term_string"}}],"inLanguage":"es"}]}},"_links":{"self":[{"href":"https:\/\/ticktlan.com\/es\/wp-json\/wp\/v2\/pages\/11175","targetHints":{"allow":["GET"]}}],"collection":[{"href":"https:\/\/ticktlan.com\/es\/wp-json\/wp\/v2\/pages"}],"about":[{"href":"https:\/\/ticktlan.com\/es\/wp-json\/wp\/v2\/types\/page"}],"author":[{"embeddable":true,"href":"https:\/\/ticktlan.com\/es\/wp-json\/wp\/v2\/users\/1"}],"replies":[{"embeddable":true,"href":"https:\/\/ticktlan.com\/es\/wp-json\/wp\/v2\/comments?post=11175"}],"version-history":[{"count":76,"href":"https:\/\/ticktlan.com\/es\/wp-json\/wp\/v2\/pages\/11175\/revisions"}],"predecessor-version":[{"id":11351,"href":"https:\/\/ticktlan.com\/es\/wp-json\/wp\/v2\/pages\/11175\/revisions\/11351"}],"wp:featuredmedia":[{"embeddable":true,"href":"https:\/\/ticktlan.com\/es\/wp-json\/wp\/v2\/media\/10874"}],"wp:attachment":[{"href":"https:\/\/ticktlan.com\/es\/wp-json\/wp\/v2\/media?parent=11175"}],"curies":[{"name":"wp","href":"https:\/\/api.w.org\/{rel}","templated":true}]}}